{"id":236,"date":"2020-07-22T13:34:11","date_gmt":"2020-07-22T11:34:11","guid":{"rendered":"https:\/\/www.alpenverein.de\/storys\/?p=236"},"modified":"2020-08-13T16:13:37","modified_gmt":"2020-08-13T14:13:37","slug":"sterbende-gletscher","status":"publish","type":"page","link":"https:\/\/services.alpenverein.de\/storys\/zugspitze\/sterbende-gletscher\/","title":{"rendered":"Sterbende Gletscher"},"content":{"rendered":"\n<!-- F\u00fcr Besucher die die Seite, aus welchem Grund auch immer, nur ohne das Projekt gefunden haben :-) -->  \n<script type=\"text\/javascript\">\n  if(self==top){\n\tdocument.write('<p>Diese Seite ist Teil von \"200 Jahre Erstbesteigung der Zugspitze\". <a href=\"..\/\">Hier geht es zum Projekt &gt;&gt;<\/a><\/p>');\nconsole.log('wurst');\n}\n<\/script>\n\n\n\n<figure class=\"wp-block-image size-large\"><a href=\"https:\/\/www.alpenverein.de\/storys\/wp-content\/uploads\/2020\/08\/Schneeferner-Andi-Dick.jpg\"><img loading=\"lazy\" width=\"1024\" height=\"683\" src=\"https:\/\/www.alpenverein.de\/storys\/wp-content\/uploads\/2020\/08\/Schneeferner-Andi-Dick-1024x683.jpg\" alt=\"Schneeferner-Andi-Dick\" class=\"wp-image-546\" srcset=\"https:\/\/services.alpenverein.de\/storys\/wp-content\/uploads\/2020\/08\/Schneeferner-Andi-Dick-1024x683.jpg 1024w, https:\/\/services.alpenverein.de\/storys\/wp-content\/uploads\/2020\/08\/Schneeferner-Andi-Dick-300x200.jpg 300w, https:\/\/services.alpenverein.de\/storys\/wp-content\/uploads\/2020\/08\/Schneeferner-Andi-Dick-768x512.jpg 768w, https:\/\/services.alpenverein.de\/storys\/wp-content\/uploads\/2020\/08\/Schneeferner-Andi-Dick-570x380.jpg 570w, https:\/\/services.alpenverein.de\/storys\/wp-content\/uploads\/2020\/08\/Schneeferner-Andi-Dick.jpg 1200w\" sizes=\"(max-width: 1024px) 100vw, 1024px\" \/><\/a><figcaption>Mini-Gletscher: Der Schneeferner auf dem Zugspitzplatt, Foto: Andi Dick<\/figcaption><\/figure>\n\n\n\n<p>Drei der f\u00fcnf in Deutschland noch existierenden Gletscher liegen im Zugspitzgebiet und zeigen das Fortschreiten der Klimakatastrophe. Zum Zeitpunkt der Erstbesteigung 1820 war noch das gesamte Zugspitzplatt vom \u201ePlattgletscher\u201c bedeckt, heute ist dieser in den N\u00f6rdlichen und S\u00fcdlichen Schneeferner zerfallen. Der S\u00fcdliche ging von 31,7 ha (letzter H\u00f6chststand, 1979) auf 3,4 ha (2015) zur\u00fcck \u2013 gerade noch ein Zehntel. Vom N\u00f6rdlichen, der Ende des 19. Jahrhunderts noch 103 ha ma\u00df, waren 2013 noch 27,9 ha \u00fcbrig; das Abschmelzen verlief hier langsamer, unter anderem weil die Zugspitzbahnbetreiber das Skigebiet von 1993 bis 2013 im Sommer durch Planen zu sch\u00fctzen versuchten. Der H\u00f6llentalferner hat sich von 1820 bis 2006 nur halbiert (von 47 auf 24,7 ha), weil er schattseitig exponiert ist und durch Lawinen gut gen\u00e4hrt wird. Dennoch stellte in den letzten Jahren eine weit offene Randkluft h\u00e4ufig das gr\u00f6\u00dfte Problem beim H\u00f6llental-Anstieg dar.<\/p>\n\n\n\n<figure class=\"wp-block-image size-large\"><a href=\"https:\/\/www.alpenverein.de\/storys\/wp-content\/uploads\/2020\/08\/Hoellentalferner-Luftbild-Joerg-Bodenbender-1.jpg\"><img loading=\"lazy\" width=\"1024\" height=\"676\" src=\"https:\/\/www.alpenverein.de\/storys\/wp-content\/uploads\/2020\/08\/Hoellentalferner-Luftbild-Joerg-Bodenbender-1-1024x676.jpg\" alt=\"Hoellentalferner-Luftbild-Joerg-Bodenbender\" class=\"wp-image-816\" srcset=\"https:\/\/services.alpenverein.de\/storys\/wp-content\/uploads\/2020\/08\/Hoellentalferner-Luftbild-Joerg-Bodenbender-1-1024x676.jpg 1024w, https:\/\/services.alpenverein.de\/storys\/wp-content\/uploads\/2020\/08\/Hoellentalferner-Luftbild-Joerg-Bodenbender-1-300x198.jpg 300w, https:\/\/services.alpenverein.de\/storys\/wp-content\/uploads\/2020\/08\/Hoellentalferner-Luftbild-Joerg-Bodenbender-1-768x507.jpg 768w, https:\/\/services.alpenverein.de\/storys\/wp-content\/uploads\/2020\/08\/Hoellentalferner-Luftbild-Joerg-Bodenbender-1-570x376.jpg 570w, https:\/\/services.alpenverein.de\/storys\/wp-content\/uploads\/2020\/08\/Hoellentalferner-Luftbild-Joerg-Bodenbender-1.jpg 1200w\" sizes=\"(max-width: 1024px) 100vw, 1024px\" \/><\/a><figcaption>H\u00f6llentalferner unterhalb des Zugspitzgipfels, Foto: J\u00f6rg Bodenbender<\/figcaption><\/figure>\n\n\n\n<p>Wie weit durch die Klimaerhitzung auch der Permafrost auftaut, so dass vermeintlich massiver Fels instabil werden k\u00f6nnte, untersucht der M\u00fcnchner Professor Michael Krautblatter mit seinem Team in den Stollen zwischen Schneefernerhaus und Kammhotel. Das Auftauen des Eises, das die Bergwelt im Innersten zusammenh\u00e4lt, k\u00f6nnen seine Messungen dokumentieren. Doch zumindest f\u00fcr die nahe Zukunft sieht er noch keine gro\u00dfen Gefahren durch Bergst\u00fcrze, wie vor rund 3700 Jahren einer Richtung Eibsee niedergegangen ist.<\/p>\n\n\n\n<figure class=\"wp-block-image size-large\"><a href=\"https:\/\/www.alpenverein.de\/storys\/wp-content\/uploads\/2020\/08\/Hoellentalferner-Seilschaft-Joerg-Bodenbender-1.jpg\"><img loading=\"lazy\" width=\"1024\" height=\"683\" src=\"https:\/\/www.alpenverein.de\/storys\/wp-content\/uploads\/2020\/08\/Hoellentalferner-Seilschaft-Joerg-Bodenbender-1-1024x683.jpg\" alt=\"Hoellentalferner-Seilschaft-Joerg-Bodenbender\" class=\"wp-image-817\" srcset=\"https:\/\/services.alpenverein.de\/storys\/wp-content\/uploads\/2020\/08\/Hoellentalferner-Seilschaft-Joerg-Bodenbender-1-1024x683.jpg 1024w, https:\/\/services.alpenverein.de\/storys\/wp-content\/uploads\/2020\/08\/Hoellentalferner-Seilschaft-Joerg-Bodenbender-1-300x200.jpg 300w, https:\/\/services.alpenverein.de\/storys\/wp-content\/uploads\/2020\/08\/Hoellentalferner-Seilschaft-Joerg-Bodenbender-1-768x512.jpg 768w, https:\/\/services.alpenverein.de\/storys\/wp-content\/uploads\/2020\/08\/Hoellentalferner-Seilschaft-Joerg-Bodenbender-1-570x380.jpg 570w, https:\/\/services.alpenverein.de\/storys\/wp-content\/uploads\/2020\/08\/Hoellentalferner-Seilschaft-Joerg-Bodenbender-1.jpg 1200w\" sizes=\"(max-width: 1024px) 100vw, 1024px\" \/><\/a><figcaption>Seilschaften auf dem H\u00f6llentalferner &#8211; an der Randkluft und vor der Leiter staut sich&#8217;s, Foto: J\u00f6rg Bodenbender<\/figcaption><\/figure>\n","protected":false},"excerpt":{"rendered":"<p>Drei der f\u00fcnf in Deutschland noch existierenden Gletscher liegen im Zugspitzgebiet und zeigen das Fortschreiten der Klimakatastrophe. Zum Zeitpunkt der Erstbesteigung 1820 war noch das gesamte Zugspitzplatt vom \u201ePlattgletscher\u201c bedeckt, heute ist dieser in den N\u00f6rdlichen und S\u00fcdlichen Schneeferner zerfallen. Der S\u00fcdliche ging von 31,7 ha (letzter H\u00f6chststand, 1979) auf 3,4 ha (2015) zur\u00fcck \u2013 [&hellip;]<\/p>\n","protected":false},"author":2,"featured_media":0,"parent":206,"menu_order":0,"comment_status":"closed","ping_status":"closed","template":"template-popup.php","meta":[],"_links":{"self":[{"href":"https:\/\/services.alpenverein.de\/storys\/wp-json\/wp\/v2\/pages\/236"}],"collection":[{"href":"https:\/\/services.alpenverein.de\/storys\/wp-json\/wp\/v2\/pages"}],"about":[{"href":"https:\/\/services.alpenverein.de\/storys\/wp-json\/wp\/v2\/types\/page"}],"author":[{"embeddable":true,"href":"https:\/\/services.alpenverein.de\/storys\/wp-json\/wp\/v2\/users\/2"}],"replies":[{"embeddable":true,"href":"https:\/\/services.alpenverein.de\/storys\/wp-json\/wp\/v2\/comments?post=236"}],"version-history":[{"count":18,"href":"https:\/\/services.alpenverein.de\/storys\/wp-json\/wp\/v2\/pages\/236\/revisions"}],"predecessor-version":[{"id":977,"href":"https:\/\/services.alpenverein.de\/storys\/wp-json\/wp\/v2\/pages\/236\/revisions\/977"}],"up":[{"embeddable":true,"href":"https:\/\/services.alpenverein.de\/storys\/wp-json\/wp\/v2\/pages\/206"}],"wp:attachment":[{"href":"https:\/\/services.alpenverein.de\/storys\/wp-json\/wp\/v2\/media?parent=236"}],"curies":[{"name":"wp","href":"https:\/\/api.w.org\/{rel}","templated":true}]}}