{"id":479,"date":"2020-08-04T10:44:08","date_gmt":"2020-08-04T08:44:08","guid":{"rendered":"https:\/\/www.alpenverein.de\/storys\/?page_id=479"},"modified":"2020-08-13T16:46:12","modified_gmt":"2020-08-13T14:46:12","slug":"schlafen-am-berg","status":"publish","type":"page","link":"https:\/\/services.alpenverein.de\/storys\/zugspitze\/schlafen-am-berg\/","title":{"rendered":"Schlafen am Berg"},"content":{"rendered":"\n<!-- F\u00fcr Besucher die die Seite, aus welchem Grund auch immer, nur ohne das Projekt gefunden haben :-) -->  \n<script type=\"text\/javascript\">\n  if(self==top){\n\tdocument.write('<p>Diese Seite ist Teil von \"200 Jahre Erstbesteigung der Zugspitze\". <a href=\"..\/\">Hier geht es zum Projekt &gt;&gt;<\/a><\/p>');\nconsole.log('wurst');\n}\n<\/script>\n\n\n\n<figure class=\"wp-block-image size-large\"><a href=\"https:\/\/www.alpenverein.de\/storys\/wp-content\/uploads\/2020\/08\/Knorrhuette-Joerg-Bodenbender-1.jpg\" target=\"_blank\" rel=\"noopener noreferrer\"><img loading=\"lazy\" width=\"1024\" height=\"683\" src=\"https:\/\/www.alpenverein.de\/storys\/wp-content\/uploads\/2020\/08\/Knorrhuette-Joerg-Bodenbender-1-1024x683.jpg\" alt=\"Knorrhuette-Joerg-Bodenbender\" class=\"wp-image-820\" srcset=\"https:\/\/services.alpenverein.de\/storys\/wp-content\/uploads\/2020\/08\/Knorrhuette-Joerg-Bodenbender-1-1024x683.jpg 1024w, https:\/\/services.alpenverein.de\/storys\/wp-content\/uploads\/2020\/08\/Knorrhuette-Joerg-Bodenbender-1-300x200.jpg 300w, https:\/\/services.alpenverein.de\/storys\/wp-content\/uploads\/2020\/08\/Knorrhuette-Joerg-Bodenbender-1-768x512.jpg 768w, https:\/\/services.alpenverein.de\/storys\/wp-content\/uploads\/2020\/08\/Knorrhuette-Joerg-Bodenbender-1-570x380.jpg 570w, https:\/\/services.alpenverein.de\/storys\/wp-content\/uploads\/2020\/08\/Knorrhuette-Joerg-Bodenbender-1.jpg 1200w\" sizes=\"(max-width: 1024px) 100vw, 1024px\" \/><\/a><figcaption>Knorrh\u00fctte, Foto: J\u00f6rg Bodenbender<\/figcaption><\/figure>\n\n\n\n<p>Ausgerechnet die Knorrh\u00fctte (2051) auf dem Zugspitzplatt war das erste Schutzhaus am Berg; allerdings war ein St\u00fctzpunkt so hoch oben sinnvoll als Unterstand bei schlechtem Wetter und damit die Gipfeletappe nicht zu lang wurde. Ihr bekanntester H\u00fcttenwirt war der bayerische Bluess\u00e4nger und Alpenindianer Willy Michl aka \u201eSound of Thunder\u201c, der von 1989 bis 1993 das Haus pr\u00e4gte. \u00c4hnlich legend\u00e4r, aber weniger kontrovers, war Charlie Wehrle, der auf der Reintalangerh\u00fctte (1366 m) von 1986 bis 2009 mit Herz, Musik und nepalesischen Freunden wirkte. Die H\u00fctte wurde 1912 eingeweiht, doch schon die Erstbesteiger der Zugspitze \u00fcbernachteten in einer \u201eFlohh\u00fctte\u201c auf dem Reintalanger.<\/p>\n\n\n\n<figure class=\"wp-block-image size-large\"><a href=\"https:\/\/www.alpenverein.de\/storys\/wp-content\/uploads\/2020\/08\/Reintalangerhuette-Thoas-Gesell.jpg\"><img loading=\"lazy\" width=\"1024\" height=\"679\" src=\"https:\/\/www.alpenverein.de\/storys\/wp-content\/uploads\/2020\/08\/Reintalangerhuette-Thoas-Gesell-1024x679.jpg\" alt=\"\" class=\"wp-image-483\" srcset=\"https:\/\/services.alpenverein.de\/storys\/wp-content\/uploads\/2020\/08\/Reintalangerhuette-Thoas-Gesell-1024x679.jpg 1024w, https:\/\/services.alpenverein.de\/storys\/wp-content\/uploads\/2020\/08\/Reintalangerhuette-Thoas-Gesell-300x199.jpg 300w, https:\/\/services.alpenverein.de\/storys\/wp-content\/uploads\/2020\/08\/Reintalangerhuette-Thoas-Gesell-768x509.jpg 768w, https:\/\/services.alpenverein.de\/storys\/wp-content\/uploads\/2020\/08\/Reintalangerhuette-Thoas-Gesell-570x378.jpg 570w, https:\/\/services.alpenverein.de\/storys\/wp-content\/uploads\/2020\/08\/Reintalangerhuette-Thoas-Gesell.jpg 1200w\" sizes=\"(max-width: 1024px) 100vw, 1024px\" \/><\/a><figcaption>Reintalangerh\u00fctte, Foto: Thomas Gesell<\/figcaption><\/figure>\n\n\n\n<p>Die H\u00f6llentalangerh\u00fctte (1387 m) am schwierigsten Normalweg \u00f6ffnete 1894, der Originalbau steht heute im Alpinen Museum in M\u00fcnchen; um die Architektur des 2015 er\u00f6ffneten Ersatzbaus gab es Diskussionen. Noch heftiger ging es her, als 1897 ein Teil des Gipfels gesprengt wurde, um das M\u00fcnchner Haus (2959 m) daraufzustellen \u2013 aus Protest spaltete sich die Sektion Bayerland von M\u00fcnchen ab. Die einzige H\u00fctte, die nicht der DAV-Sektion M\u00fcnchen geh\u00f6rt, ist die Wiener-Neust\u00e4dter H\u00fctte (2213 m) auf der \u00f6sterreichischen Seite, 1884 eingeweiht.<\/p>\n\n\n\n<figure class=\"wp-block-image size-large\"><a href=\"https:\/\/www.alpenverein.de\/storys\/wp-content\/uploads\/2020\/08\/Wiener-Neustaedter-Huette-Eibsee-1900-DAV-Archiv.jpg\"><img loading=\"lazy\" width=\"1024\" height=\"758\" src=\"https:\/\/www.alpenverein.de\/storys\/wp-content\/uploads\/2020\/08\/Wiener-Neustaedter-Huette-Eibsee-1900-DAV-Archiv-1024x758.jpg\" alt=\"Wiener-Neustaedter-Huette-Eibsee-1900-DAV-Archiv\" class=\"wp-image-485\" srcset=\"https:\/\/services.alpenverein.de\/storys\/wp-content\/uploads\/2020\/08\/Wiener-Neustaedter-Huette-Eibsee-1900-DAV-Archiv-1024x758.jpg 1024w, https:\/\/services.alpenverein.de\/storys\/wp-content\/uploads\/2020\/08\/Wiener-Neustaedter-Huette-Eibsee-1900-DAV-Archiv-300x222.jpg 300w, https:\/\/services.alpenverein.de\/storys\/wp-content\/uploads\/2020\/08\/Wiener-Neustaedter-Huette-Eibsee-1900-DAV-Archiv-768x568.jpg 768w, https:\/\/services.alpenverein.de\/storys\/wp-content\/uploads\/2020\/08\/Wiener-Neustaedter-Huette-Eibsee-1900-DAV-Archiv-570x422.jpg 570w, https:\/\/services.alpenverein.de\/storys\/wp-content\/uploads\/2020\/08\/Wiener-Neustaedter-Huette-Eibsee-1900-DAV-Archiv.jpg 1200w\" sizes=\"(max-width: 1024px) 100vw, 1024px\" \/><\/a><figcaption>Wiener-Neust\u00e4dter-H\u00fctte mit Eibsee um 1900, Foto: DAV-Archiv<\/figcaption><\/figure>\n\n\n\n<p>Und das Geb\u00e4ude, das dem Begriff \u201eSchutzhaus\u201c noch am ehesten gerecht wird, ist das \u201eGrath\u00fctterl\u201c (2684 m) auf dem Jubil\u00e4umsgrat, eine allgemein zug\u00e4ngliche Biwakschachtel mit etwa zw\u00f6lf Schlafpl\u00e4tzen, sonst nichts.<\/p>\n\n\n\n<figure class=\"wp-block-image size-large\"><a href=\"https:\/\/www.alpenverein.de\/storys\/wp-content\/uploads\/2020\/08\/Biwakschachtel-Jubilaeumsgrat-Andi-Dick.jpg\"><img loading=\"lazy\" width=\"1024\" height=\"768\" src=\"https:\/\/www.alpenverein.de\/storys\/wp-content\/uploads\/2020\/08\/Biwakschachtel-Jubilaeumsgrat-Andi-Dick-1024x768.jpg\" alt=\"Biwakschachtel-Jubilaeumsgrat-Andi-Dick\" class=\"wp-image-489\" srcset=\"https:\/\/services.alpenverein.de\/storys\/wp-content\/uploads\/2020\/08\/Biwakschachtel-Jubilaeumsgrat-Andi-Dick-1024x768.jpg 1024w, https:\/\/services.alpenverein.de\/storys\/wp-content\/uploads\/2020\/08\/Biwakschachtel-Jubilaeumsgrat-Andi-Dick-300x225.jpg 300w, https:\/\/services.alpenverein.de\/storys\/wp-content\/uploads\/2020\/08\/Biwakschachtel-Jubilaeumsgrat-Andi-Dick-768x576.jpg 768w, https:\/\/services.alpenverein.de\/storys\/wp-content\/uploads\/2020\/08\/Biwakschachtel-Jubilaeumsgrat-Andi-Dick-570x428.jpg 570w, https:\/\/services.alpenverein.de\/storys\/wp-content\/uploads\/2020\/08\/Biwakschachtel-Jubilaeumsgrat-Andi-Dick.jpg 1200w\" sizes=\"(max-width: 1024px) 100vw, 1024px\" \/><\/a><figcaption>Biwakschachtel am Jubil\u00e4umsgrat, Foto: Andi Dick<\/figcaption><\/figure>\n","protected":false},"excerpt":{"rendered":"<p>Ausgerechnet die Knorrh\u00fctte (2051) auf dem Zugspitzplatt war das erste Schutzhaus am Berg; allerdings war ein St\u00fctzpunkt so hoch oben sinnvoll als Unterstand bei schlechtem Wetter und damit die Gipfeletappe nicht zu lang wurde. Ihr bekanntester H\u00fcttenwirt war der bayerische Bluess\u00e4nger und Alpenindianer Willy Michl aka \u201eSound of Thunder\u201c, der von 1989 bis 1993 das [&hellip;]<\/p>\n","protected":false},"author":3,"featured_media":0,"parent":206,"menu_order":0,"comment_status":"closed","ping_status":"closed","template":"","meta":[],"_links":{"self":[{"href":"https:\/\/services.alpenverein.de\/storys\/wp-json\/wp\/v2\/pages\/479"}],"collection":[{"href":"https:\/\/services.alpenverein.de\/storys\/wp-json\/wp\/v2\/pages"}],"about":[{"href":"https:\/\/services.alpenverein.de\/storys\/wp-json\/wp\/v2\/types\/page"}],"author":[{"embeddable":true,"href":"https:\/\/services.alpenverein.de\/storys\/wp-json\/wp\/v2\/users\/3"}],"replies":[{"embeddable":true,"href":"https:\/\/services.alpenverein.de\/storys\/wp-json\/wp\/v2\/comments?post=479"}],"version-history":[{"count":10,"href":"https:\/\/services.alpenverein.de\/storys\/wp-json\/wp\/v2\/pages\/479\/revisions"}],"predecessor-version":[{"id":987,"href":"https:\/\/services.alpenverein.de\/storys\/wp-json\/wp\/v2\/pages\/479\/revisions\/987"}],"up":[{"embeddable":true,"href":"https:\/\/services.alpenverein.de\/storys\/wp-json\/wp\/v2\/pages\/206"}],"wp:attachment":[{"href":"https:\/\/services.alpenverein.de\/storys\/wp-json\/wp\/v2\/media?parent=479"}],"curies":[{"name":"wp","href":"https:\/\/api.w.org\/{rel}","templated":true}]}}