{"id":498,"date":"2020-08-04T11:00:50","date_gmt":"2020-08-04T09:00:50","guid":{"rendered":"https:\/\/www.alpenverein.de\/storys\/?page_id=498"},"modified":"2020-08-07T10:57:08","modified_gmt":"2020-08-07T08:57:08","slug":"wege-zum-berg","status":"publish","type":"page","link":"https:\/\/services.alpenverein.de\/storys\/zugspitze\/wege-zum-berg\/","title":{"rendered":"Wege zum Berg"},"content":{"rendered":"\n<!-- F\u00fcr Besucher die die Seite, aus welchem Grund auch immer, nur ohne das Projekt gefunden haben :-) -->  \n<script type=\"text\/javascript\">\n  if(self==top){\n\tdocument.write('<p>Diese Seite ist Teil von \"200 Jahre Erstbesteigung der Zugspitze\". <a href=\"..\/\">Hier geht es zum Projekt &gt;&gt;<\/a><\/p>');\nconsole.log('wurst');\n}\n<\/script>\n\n\n\n<p>Drei \u201eNormalwege\u201c hat die Zugspitze \u2013 wobei zu bedenken ist, dass ein \u201enormaler Weg\u201c im Hochgebirge lang, anstrengend und schwierig sein kann. Alle sind schwierige Bergwege der Kategorie \u201eschwarz\u201c und f\u00fchren auf einen fast 3000 Meter hohen Gipfel mit seinen alpinen Gefahren. Trotz mehr oder weniger Drahtseilsicherungen muss man solide unterwegs sein, gute Kondition und angemessene Ausr\u00fcstung haben und auf Steinschlag achten.<\/p>\n\n\n\n<script type=\"text\/javascript\" src=\"https:\/\/www.alpenvereinaktiv.com\/de\/embed\/7324658\/js?mw=false\"><\/script>\n\n\n\n<p>Der Weg der Erstbesteiger durchs Reintal f\u00fchrt vom Partenkirchner Skistadion erst durch die Partnachklamm ins Reintal; Radfahrer erreichen es \u00fcber die Partnachalm oder von Elmau aus. Entlang der sch\u00e4umenden Partnach ist die Strecke bis zur Reintalangerh\u00fctte noch radtauglich und relativ flach (5 \u2013 5 \u00bd Std.). Vom Reintalanger zieht es dann in steilen Serpentinen aufs Platt, wo man die Knorrh\u00fctte erreicht (ca. 2 Std.). Im Schutt des Platts ansteigend erreicht man den Gipfelaufschwung, wo auf den letzten 300 H\u00f6henmetern ab Schneefernerhaus einige Drahtseilpassagen an felsigen Stellen helfen (2-3 Std.)<\/p>\n\n\n\n<script type=\"text\/javascript\" src=\"https:\/\/www.alpenvereinaktiv.com\/de\/embed\/1361771\/js?mw=false\"><\/script>\n\n\n\n<p>Deutlich k\u00fcrzer, aber ein bisschen anspruchsvoller ist der \u201eStopselzieher\u201c-Anstieg von Ehrwald. Er startet bei der Talstation der Seilbahn und f\u00fchrt auf einem steilen, steinigen Weg, zuletzt in teils drahtseilgesichertem Felsgel\u00e4nde, zur Wiener-Neust\u00e4dter H\u00fctte (2-3 Std.). \u00dcber ein Schnee- oder Schuttfeld erreicht man die Westflanke der Zugspitze, die mit dem \u201eStopselzieher\u201c ansetzt, einer gewundenen, glattgewaschenen Kaminrinne, in der einige Drahtseile und Klammern die leichte Kletterei (II) entspannen. Danach zieht der Pfad durch eine steile Schutt- und Schrofenflanke, in der man gut auf den Weg achten und trotzdem immer wieder mal Hand anlegen muss. In der N\u00e4he des alten Kammhotels erreicht man den Grat und steigt noch knapp 200 Meter zum Gipfel (einige Drahtseile, 2-3 Std. von der H\u00fctte).<\/p>\n\n\n\n<script type=\"text\/javascript\" src=\"https:\/\/www.alpenvereinaktiv.com\/de\/embed\/101760132\/js?mw=false\"><\/script>\n\n\n\n<p>Der schwierigste Normalweg ist der durchs H\u00f6llental; je nach Ausaperung des H\u00f6llentalferners braucht man dort Steigeisen (Sp\u00e4tsommer!), die Randkluft kann richtig heikel werden. Am \u201eBrett\u201c und in der Gipfelwand sind l\u00e4ngere Klettersteigpassagen (KS B) geboten; ein Klettersteigset kann n\u00fctzlich sein, Helm ist dringend angeraten! Der Aufstieg dauert 5-6 Std. von der H\u00f6llentalangerh\u00fctte, die man von Hammersbach in 2 Std. durch die H\u00f6llentalklamm oder \u00fcber den Stangensteig (\u00bd Std. l\u00e4nger) erreicht.<\/p>\n\n\n\n<p>Alle Zustiege zur Zugspitze sind auf der <a href=\"https:\/\/www.alpenverein.de\/bergsport\/sicherheit\/bergsteigen\/zugspitze_aid_12915.html\" target=\"_blank\" rel=\"noreferrer noopener\">Website und im Flyer &#8222;Sicher auf die Zugspitze&#8220;<\/a> ausf\u00fchrlich beschrieben.<\/p>\n","protected":false},"excerpt":{"rendered":"<p>Drei \u201eNormalwege\u201c hat die Zugspitze \u2013 wobei zu bedenken ist, dass ein \u201enormaler Weg\u201c im Hochgebirge lang, anstrengend und schwierig sein kann. Alle sind schwierige Bergwege der Kategorie \u201eschwarz\u201c und f\u00fchren auf einen fast 3000 Meter hohen Gipfel mit seinen alpinen Gefahren. Trotz mehr oder weniger Drahtseilsicherungen muss man solide unterwegs sein, gute Kondition und [&hellip;]<\/p>\n","protected":false},"author":3,"featured_media":0,"parent":206,"menu_order":0,"comment_status":"closed","ping_status":"closed","template":"","meta":[],"_links":{"self":[{"href":"https:\/\/services.alpenverein.de\/storys\/wp-json\/wp\/v2\/pages\/498"}],"collection":[{"href":"https:\/\/services.alpenverein.de\/storys\/wp-json\/wp\/v2\/pages"}],"about":[{"href":"https:\/\/services.alpenverein.de\/storys\/wp-json\/wp\/v2\/types\/page"}],"author":[{"embeddable":true,"href":"https:\/\/services.alpenverein.de\/storys\/wp-json\/wp\/v2\/users\/3"}],"replies":[{"embeddable":true,"href":"https:\/\/services.alpenverein.de\/storys\/wp-json\/wp\/v2\/comments?post=498"}],"version-history":[{"count":10,"href":"https:\/\/services.alpenverein.de\/storys\/wp-json\/wp\/v2\/pages\/498\/revisions"}],"predecessor-version":[{"id":1203,"href":"https:\/\/services.alpenverein.de\/storys\/wp-json\/wp\/v2\/pages\/498\/revisions\/1203"}],"up":[{"embeddable":true,"href":"https:\/\/services.alpenverein.de\/storys\/wp-json\/wp\/v2\/pages\/206"}],"wp:attachment":[{"href":"https:\/\/services.alpenverein.de\/storys\/wp-json\/wp\/v2\/media?parent=498"}],"curies":[{"name":"wp","href":"https:\/\/api.w.org\/{rel}","templated":true}]}}