{"id":514,"date":"2020-08-04T12:02:08","date_gmt":"2020-08-04T10:02:08","guid":{"rendered":"https:\/\/www.alpenverein.de\/storys\/?page_id=514"},"modified":"2020-08-18T12:49:50","modified_gmt":"2020-08-18T10:49:50","slug":"natur-oder-konsum","status":"publish","type":"page","link":"https:\/\/services.alpenverein.de\/storys\/zugspitze\/natur-oder-konsum\/","title":{"rendered":"Natur oder Konsum?"},"content":{"rendered":"\n<!-- F\u00fcr Besucher die die Seite, aus welchem Grund auch immer, nur ohne das Projekt gefunden haben :-) -->  \n<script type=\"text\/javascript\">\n  if(self==top){\n\tdocument.write('<p>Diese Seite ist Teil von \"200 Jahre Erstbesteigung der Zugspitze\". <a href=\"..\/\">Hier geht es zum Projekt &gt;&gt;<\/a><\/p>');\nconsole.log('wurst');\n}\n<\/script>\n\n\n\n<figure class=\"wp-block-image size-large\"><a href=\"https:\/\/www.alpenverein.de\/storys\/wp-content\/uploads\/2020\/08\/Jubilaeumsgrat-Ueberschreitung-DAV-Hans-Herbig.jpg\"><img loading=\"lazy\" width=\"1024\" height=\"683\" src=\"https:\/\/www.alpenverein.de\/storys\/wp-content\/uploads\/2020\/08\/Jubilaeumsgrat-Ueberschreitung-DAV-Hans-Herbig-1024x683.jpg\" alt=\"Jubilaeumsgrat-Ueberschreitung-DAV-Hans-Herbig\" class=\"wp-image-524\" srcset=\"https:\/\/services.alpenverein.de\/storys\/wp-content\/uploads\/2020\/08\/Jubilaeumsgrat-Ueberschreitung-DAV-Hans-Herbig-1024x683.jpg 1024w, https:\/\/services.alpenverein.de\/storys\/wp-content\/uploads\/2020\/08\/Jubilaeumsgrat-Ueberschreitung-DAV-Hans-Herbig-300x200.jpg 300w, https:\/\/services.alpenverein.de\/storys\/wp-content\/uploads\/2020\/08\/Jubilaeumsgrat-Ueberschreitung-DAV-Hans-Herbig-768x512.jpg 768w, https:\/\/services.alpenverein.de\/storys\/wp-content\/uploads\/2020\/08\/Jubilaeumsgrat-Ueberschreitung-DAV-Hans-Herbig-570x380.jpg 570w, https:\/\/services.alpenverein.de\/storys\/wp-content\/uploads\/2020\/08\/Jubilaeumsgrat-Ueberschreitung-DAV-Hans-Herbig.jpg 1200w\" sizes=\"(max-width: 1024px) 100vw, 1024px\" \/><\/a><figcaption>Seilsicherungen am Jubil\u00e4umsgrat, Foto: DAV\/Hans Herbig<\/figcaption><\/figure>\n\n\n\n<p>\u201eDieses Projekt fordert den sch\u00e4rfsten Protest heraus\u201c, schimpfte ein Anonymus im Mitteilungsblatt des Alpenvereins \u00fcber die Pl\u00e4ne, mit dem Jubil\u00e4umsgrat einen \u201eH\u00f6henweg, der seinesgleichen suchen d\u00fcrfte\u201c, anzulegen. \u201eDurch Versicherungen wird den Bergen, soweit es sich nicht um reine Aussichtsgipfel handelt, gerade das genommen, was zu ihrer Besteigung anreizt, die Schwierigkeit. <\/p>\n\n\n\n<figure class=\"wp-block-embed-youtube wp-block-embed is-type-video is-provider-youtube wp-embed-aspect-16-9 wp-has-aspect-ratio\"><div class=\"wp-block-embed__wrapper\">\n<iframe loading=\"lazy\" title=\"Jubil\u00e4umsgrat: so geht&#039;s!\" width=\"580\" height=\"326\" src=\"https:\/\/www.youtube.com\/embed\/Xe8NTlZJadk?feature=oembed\" frameborder=\"0\" allow=\"accelerometer; autoplay; encrypted-media; gyroscope; picture-in-picture\" allowfullscreen><\/iframe>\n<\/div><figcaption>Jubil\u00e4umsgrat: Auf Tour mit Panorama-Redakteur Andi Dick<\/figcaption><\/figure>\n\n\n\n<p>Die gro\u00dfe Masse aber ist auch den Klettersteigen nicht gewachsen; der Unge\u00fcbte wird durch sie auf ein Gel\u00e4nde gelockt, das ihm gef\u00e4hrlich werden kann, Unf\u00e4lle sind die Folge\u201c, argumentierte der Bergpionier Dr. Georg Leuchs. Der Chefplaner Alfred Steinitzer hielt dagegen: \u201eDas ist der Geist der Intoleranz und wohl auch einer gewissen \u00dcberhebung allen denjenigen gegen\u00fcber, die \u201eweniger k\u00f6nnen \u2026 Die Urspr\u00fcnglichkeit der Alpen ist freilich zerst\u00f6rt und mit dem turistischen Massenbetrieb sind die alten idyllischen Zust\u00e4nde f\u00fcr immer dahin \u2026 Die Entwicklung schreitet unaufhaltsam dar\u00fcber hinweg.\u201c<\/p>\n\n\n\n<figure class=\"wp-block-image size-large\"><a href=\"https:\/\/www.alpenverein.de\/storys\/wp-content\/uploads\/2020\/08\/Jubilaeumsgrat-Sicherungen-DAV-Hans-Herbig.jpg\"><img loading=\"lazy\" width=\"683\" height=\"1024\" src=\"https:\/\/www.alpenverein.de\/storys\/wp-content\/uploads\/2020\/08\/Jubilaeumsgrat-Sicherungen-DAV-Hans-Herbig-683x1024.jpg\" alt=\"Jubilaeumsgrat-Sicherungen-DAV-Hans-Herbig\" class=\"wp-image-527\" srcset=\"https:\/\/services.alpenverein.de\/storys\/wp-content\/uploads\/2020\/08\/Jubilaeumsgrat-Sicherungen-DAV-Hans-Herbig-683x1024.jpg 683w, https:\/\/services.alpenverein.de\/storys\/wp-content\/uploads\/2020\/08\/Jubilaeumsgrat-Sicherungen-DAV-Hans-Herbig-200x300.jpg 200w, https:\/\/services.alpenverein.de\/storys\/wp-content\/uploads\/2020\/08\/Jubilaeumsgrat-Sicherungen-DAV-Hans-Herbig-768x1152.jpg 768w, https:\/\/services.alpenverein.de\/storys\/wp-content\/uploads\/2020\/08\/Jubilaeumsgrat-Sicherungen-DAV-Hans-Herbig-570x855.jpg 570w, https:\/\/services.alpenverein.de\/storys\/wp-content\/uploads\/2020\/08\/Jubilaeumsgrat-Sicherungen-DAV-Hans-Herbig.jpg 800w\" sizes=\"(max-width: 683px) 100vw, 683px\" \/><\/a><figcaption>Durch Eisen &#8222;k\u00fcnstlich&#8220; begehbar gemacht: Jubil\u00e4umsgrat, Foto: DAV\/Hans Herbig<\/figcaption><\/figure>\n\n\n\n<p>Wohlgemerkt, das war 1911. Das Ergebnis war nicht viel anders als heute: Die Drahtseile wurden verlegt. Nur nicht am Holzereck mit der \u201eNeuen Welt\u201c, weil der Starautor Ludwig Ganghofer dort sein privates Jagdrevier hatte \u2013 auch nicht viel anders als heute. Im Jahr 2020 ist die Zugspitze ein rundum mit Bahnen, Wegen und Drahtseilen erschlossener Berg, der dennoch ganz sch\u00f6n wilde Ecken zu bieten hat. F\u00fcr den Alpenverein waren die damaligen Diskussionen wertvoll: Sie thematisierten seinen inneren Konflikt zwischen Naturschutz und Bergsport. Die Sektion Bayerland, die sich schon 1895 wegen dem Bau des M\u00fcnchner Hauses auf dem Zugspitzgipfel von der Sektion M\u00fcnchen abgespalten hatte, ist bis heute eine der Gruppierungen, die auf die konservativen Werte pochen.<\/p>\n\n\n\n<figure class=\"wp-block-image size-large\"><a href=\"https:\/\/www.alpenverein.de\/storys\/wp-content\/uploads\/2020\/08\/Zugspitze-Klettersteig-DAV-Hans-Herbig.jpg\"><img loading=\"lazy\" width=\"1024\" height=\"683\" src=\"https:\/\/www.alpenverein.de\/storys\/wp-content\/uploads\/2020\/08\/Zugspitze-Klettersteig-DAV-Hans-Herbig-1024x683.jpg\" alt=\"Zugspitze-Klettersteig-DAV-Hans-Herbig\" class=\"wp-image-532\" srcset=\"https:\/\/services.alpenverein.de\/storys\/wp-content\/uploads\/2020\/08\/Zugspitze-Klettersteig-DAV-Hans-Herbig-1024x683.jpg 1024w, https:\/\/services.alpenverein.de\/storys\/wp-content\/uploads\/2020\/08\/Zugspitze-Klettersteig-DAV-Hans-Herbig-300x200.jpg 300w, https:\/\/services.alpenverein.de\/storys\/wp-content\/uploads\/2020\/08\/Zugspitze-Klettersteig-DAV-Hans-Herbig-768x512.jpg 768w, https:\/\/services.alpenverein.de\/storys\/wp-content\/uploads\/2020\/08\/Zugspitze-Klettersteig-DAV-Hans-Herbig-570x380.jpg 570w, https:\/\/services.alpenverein.de\/storys\/wp-content\/uploads\/2020\/08\/Zugspitze-Klettersteig-DAV-Hans-Herbig.jpg 1200w\" sizes=\"(max-width: 1024px) 100vw, 1024px\" \/><\/a><figcaption>\u00dcber den Klettersteig Richtung Gipfel, Foto: DAV\/Hans Herbig<\/figcaption><\/figure>\n","protected":false},"excerpt":{"rendered":"<p>\u201eDieses Projekt fordert den sch\u00e4rfsten Protest heraus\u201c, schimpfte ein Anonymus im Mitteilungsblatt des Alpenvereins \u00fcber die Pl\u00e4ne, mit dem Jubil\u00e4umsgrat einen \u201eH\u00f6henweg, der seinesgleichen suchen d\u00fcrfte\u201c, anzulegen. \u201eDurch Versicherungen wird den Bergen, soweit es sich nicht um reine Aussichtsgipfel handelt, gerade das genommen, was zu ihrer Besteigung anreizt, die Schwierigkeit. Die gro\u00dfe Masse aber ist [&hellip;]<\/p>\n","protected":false},"author":3,"featured_media":0,"parent":206,"menu_order":0,"comment_status":"closed","ping_status":"closed","template":"","meta":[],"_links":{"self":[{"href":"https:\/\/services.alpenverein.de\/storys\/wp-json\/wp\/v2\/pages\/514"}],"collection":[{"href":"https:\/\/services.alpenverein.de\/storys\/wp-json\/wp\/v2\/pages"}],"about":[{"href":"https:\/\/services.alpenverein.de\/storys\/wp-json\/wp\/v2\/types\/page"}],"author":[{"embeddable":true,"href":"https:\/\/services.alpenverein.de\/storys\/wp-json\/wp\/v2\/users\/3"}],"replies":[{"embeddable":true,"href":"https:\/\/services.alpenverein.de\/storys\/wp-json\/wp\/v2\/comments?post=514"}],"version-history":[{"count":13,"href":"https:\/\/services.alpenverein.de\/storys\/wp-json\/wp\/v2\/pages\/514\/revisions"}],"predecessor-version":[{"id":1005,"href":"https:\/\/services.alpenverein.de\/storys\/wp-json\/wp\/v2\/pages\/514\/revisions\/1005"}],"up":[{"embeddable":true,"href":"https:\/\/services.alpenverein.de\/storys\/wp-json\/wp\/v2\/pages\/206"}],"wp:attachment":[{"href":"https:\/\/services.alpenverein.de\/storys\/wp-json\/wp\/v2\/media?parent=514"}],"curies":[{"name":"wp","href":"https:\/\/api.w.org\/{rel}","templated":true}]}}