{"id":541,"date":"2020-08-04T15:21:13","date_gmt":"2020-08-04T13:21:13","guid":{"rendered":"https:\/\/www.alpenverein.de\/storys\/?page_id=541"},"modified":"2020-08-13T10:25:59","modified_gmt":"2020-08-13T08:25:59","slug":"zugspitze-und-kein-ende","status":"publish","type":"page","link":"https:\/\/services.alpenverein.de\/storys\/zugspitze\/zugspitze-und-kein-ende\/","title":{"rendered":"Zugspitze und kein Ende"},"content":{"rendered":"\n<!-- F\u00fcr Besucher die die Seite, aus welchem Grund auch immer, nur ohne das Projekt gefunden haben :-) -->  \n<script type=\"text\/javascript\">\n  if(self==top){\n\tdocument.write('<p>Diese Seite ist Teil von \"200 Jahre Erstbesteigung der Zugspitze\". <a href=\"..\/\">Hier geht es zum Projekt &gt;&gt;<\/a><\/p>');\nconsole.log('wurst');\n}\n<\/script>\n\n\n\n<h2>Tipps zum Weiterlesen:<\/h2>\n\n\n\n<p><strong>Stefan K\u00f6nig: Zugspitze \u2013 Berg der Kontraste<\/strong>, 288 S., AS-Verlag, 2020, 35 Euro \u2013 die neueste Zugspitz-Monographie; aktuell, hintergr\u00fcndig, umfassend, anregend; und jede Menge weitere Buchtipps.<\/p>\n\n\n\n<div class=\"wp-block-image\"><figure class=\"aligncenter size-medium\"><a href=\"https:\/\/www.alpenverein.de\/storys\/wp-content\/uploads\/2020\/08\/Cover-Zugspitzbuch-Stefan-Koenig.jpg\"><img loading=\"lazy\" width=\"214\" height=\"300\" src=\"https:\/\/www.alpenverein.de\/storys\/wp-content\/uploads\/2020\/08\/Cover-Zugspitzbuch-Stefan-Koenig-214x300.jpg\" alt=\"Cover-Zugspitzbuch-Stefan-Koenig\" class=\"wp-image-542\" srcset=\"https:\/\/services.alpenverein.de\/storys\/wp-content\/uploads\/2020\/08\/Cover-Zugspitzbuch-Stefan-Koenig-214x300.jpg 214w, https:\/\/services.alpenverein.de\/storys\/wp-content\/uploads\/2020\/08\/Cover-Zugspitzbuch-Stefan-Koenig-731x1024.jpg 731w, https:\/\/services.alpenverein.de\/storys\/wp-content\/uploads\/2020\/08\/Cover-Zugspitzbuch-Stefan-Koenig-768x1075.jpg 768w, https:\/\/services.alpenverein.de\/storys\/wp-content\/uploads\/2020\/08\/Cover-Zugspitzbuch-Stefan-Koenig-570x798.jpg 570w, https:\/\/services.alpenverein.de\/storys\/wp-content\/uploads\/2020\/08\/Cover-Zugspitzbuch-Stefan-Koenig.jpg 800w\" sizes=\"(max-width: 214px) 100vw, 214px\" \/><\/a><\/figure><\/div>\n\n\n\n<p><strong>Stefan K\u00f6nig: Auf dem hohen Berg<\/strong>, 176 S., Berg&amp;Tal Verlag, 2008, 16,90 Euro \u2013 eine Frau setzt sich durch und ab \u2013 und landet mit Winterbeginn 1906 in der Meteorologischen Station auf dem Zugspitzgipfel; eine seltsame Liebesgeschichte beginnt.<\/p>\n\n\n\n<p><strong>Marc Ritter: Kreuzzug<\/strong>, 560 S., Knaur Verlag, 2014, 9,90 Euro \u2013 Terroristen kapern die Zahnradbahn und nehmen die Menschen auf dem Gipfel als Geiseln, zum Schluss fliegt alles in die Luft; ein reichlich durchgeknallter Thriller.<\/p>\n\n\n\n<h2>Karten und F\u00fchrer:<\/h2>\n\n\n\n<p><strong>Alpenvereinskarte Bayerische Alpen BY8<\/strong> &#8211; Wettersteingebirge\/Zugspitze, 1:25000, zu <a rel=\"noreferrer noopener\" href=\"https:\/\/www.dav-shop.de\/productdetails.aspx?id=10000733&amp;itemno=100108\" target=\"_blank\">bestellen im DAV-Shop<\/a> zum Mitgliederpreis von 6,81 Euro<\/p>\n\n\n\n<p><strong>Wanderf\u00fchrer Zugspitze<\/strong>, 152 S., Rother Verlag, 11. Auflage 2011, 50 Tourenvorschl\u00e4ge mit Wanderk\u00e4rtchen und H\u00f6henprofilen, zu <a rel=\"noreferrer noopener\" href=\"https:\/\/www.dav-shop.de\/productdetails.aspx?id=10000743&amp;itemno=221168\" target=\"_blank\">bestellen im DAV-Shop<\/a> zum Preis von 14,60<\/p>\n\n\n\n<h2>F\u00fcr daheim:<\/h2>\n\n\n\n<figure class=\"wp-block-image size-large\"><a href=\"https:\/\/www.alpenverein.de\/storys\/wp-content\/uploads\/2020\/08\/Holzbild-Jubilaeumsgrat-DAV-Shop.jpg\"><img loading=\"lazy\" width=\"1024\" height=\"644\" src=\"https:\/\/www.alpenverein.de\/storys\/wp-content\/uploads\/2020\/08\/Holzbild-Jubilaeumsgrat-DAV-Shop-1024x644.jpg\" alt=\"Holzbild-Jubilaeumsgrat-DAV-Shop\" class=\"wp-image-557\" srcset=\"https:\/\/services.alpenverein.de\/storys\/wp-content\/uploads\/2020\/08\/Holzbild-Jubilaeumsgrat-DAV-Shop-1024x644.jpg 1024w, https:\/\/services.alpenverein.de\/storys\/wp-content\/uploads\/2020\/08\/Holzbild-Jubilaeumsgrat-DAV-Shop-300x189.jpg 300w, https:\/\/services.alpenverein.de\/storys\/wp-content\/uploads\/2020\/08\/Holzbild-Jubilaeumsgrat-DAV-Shop-768x483.jpg 768w, https:\/\/services.alpenverein.de\/storys\/wp-content\/uploads\/2020\/08\/Holzbild-Jubilaeumsgrat-DAV-Shop-570x358.jpg 570w, https:\/\/services.alpenverein.de\/storys\/wp-content\/uploads\/2020\/08\/Holzbild-Jubilaeumsgrat-DAV-Shop.jpg 1134w\" sizes=\"(max-width: 1024px) 100vw, 1024px\" \/><\/a><figcaption>In Handarbeit gefertigt: Holzbild vom Wettersteingebirge<\/figcaption><\/figure>\n\n\n\n<p><strong>Holzbild Jubil\u00e4umsgrat<\/strong> mit Zugspitze und Alpspitze, handgefertigt aus Tiroler Echtholz, limitierte Auflage von 150 St\u00fcck, jedes Bild ist ein Unikat, &nbsp;<strong>Ma\u00dfe:&nbsp;<\/strong>40 x 65 x 3 cm (L x B x H), Mitgliederpreis 290,95 Euro. Mehr Informationen und <a rel=\"noreferrer noopener\" href=\"https:\/\/www.dav-shop.de\/productdetails.aspx?id=10000723&amp;itemno=9JU082\" target=\"_blank\">Bestellung im DAV-Shop<\/a><\/p>\n","protected":false},"excerpt":{"rendered":"<p>Tipps zum Weiterlesen: Stefan K\u00f6nig: Zugspitze \u2013 Berg der Kontraste, 288 S., AS-Verlag, 2020, 35 Euro \u2013 die neueste Zugspitz-Monographie; aktuell, hintergr\u00fcndig, umfassend, anregend; und jede Menge weitere Buchtipps. Stefan K\u00f6nig: Auf dem hohen Berg, 176 S., Berg&amp;Tal Verlag, 2008, 16,90 Euro \u2013 eine Frau setzt sich durch und ab \u2013 und landet mit Winterbeginn [&hellip;]<\/p>\n","protected":false},"author":3,"featured_media":0,"parent":206,"menu_order":0,"comment_status":"closed","ping_status":"closed","template":"","meta":[],"_links":{"self":[{"href":"https:\/\/services.alpenverein.de\/storys\/wp-json\/wp\/v2\/pages\/541"}],"collection":[{"href":"https:\/\/services.alpenverein.de\/storys\/wp-json\/wp\/v2\/pages"}],"about":[{"href":"https:\/\/services.alpenverein.de\/storys\/wp-json\/wp\/v2\/types\/page"}],"author":[{"embeddable":true,"href":"https:\/\/services.alpenverein.de\/storys\/wp-json\/wp\/v2\/users\/3"}],"replies":[{"embeddable":true,"href":"https:\/\/services.alpenverein.de\/storys\/wp-json\/wp\/v2\/comments?post=541"}],"version-history":[{"count":13,"href":"https:\/\/services.alpenverein.de\/storys\/wp-json\/wp\/v2\/pages\/541\/revisions"}],"predecessor-version":[{"id":961,"href":"https:\/\/services.alpenverein.de\/storys\/wp-json\/wp\/v2\/pages\/541\/revisions\/961"}],"up":[{"embeddable":true,"href":"https:\/\/services.alpenverein.de\/storys\/wp-json\/wp\/v2\/pages\/206"}],"wp:attachment":[{"href":"https:\/\/services.alpenverein.de\/storys\/wp-json\/wp\/v2\/media?parent=541"}],"curies":[{"name":"wp","href":"https:\/\/api.w.org\/{rel}","templated":true}]}}